{"id":2,"date":"2010-05-11T22:14:09","date_gmt":"2010-05-11T22:14:09","guid":{"rendered":"http:\/\/www.laju-asendorf.de\/wordpress\/?page_id=2"},"modified":"2024-10-25T12:05:02","modified_gmt":"2024-10-25T10:05:02","slug":"eine-seite","status":"publish","type":"page","link":"https:\/\/www.laju-asendorf.de\/?page_id=2","title":{"rendered":"Die LaJu \/ Datenschutz"},"content":{"rendered":"<table border=\"0\" width=\"100%\" cellspacing=\"2\" cellpadding=\"0\">\n<tbody>\n<tr>\n<td>\n<div>\n<h2>&#8212;&nbsp; Wer wir sind, wo wir herkommen und was wir wollen&nbsp; &#8212;<\/h2>\n<\/div>\n<\/td>\n<\/tr>\n<tr>\n<td>&nbsp;<\/td>\n<\/tr>\n<tr>\n<td>\n<h3><strong>Tanzen ist unsere Leidenschaft &#8211; Landjugend Asendorf e.V.<br \/>\n<\/strong><\/h3>\n<p>Die Anf\u00e4nge der Landjugend Asendorf lassen sich in das Jahr 1949 datieren. Angeregt vom Nieders\u00e4chsischen Landvolk in Syke wurden in Asendorf bereits 1948 Ortsbeauftragte ernannt, die das Ziel verfolgten, Mitglieder f\u00fcr eine Landjugendgruppe (damals noch Junglandvolkgruppe) zu akquirieren. Es war schwer, in der Nachkriegszeit Jugendliche f\u00fcr einen neuen Verein zu begeistern. Deshalb ist es nicht verwunderlich, dass anf\u00e4nglich eine gro\u00dfe Zur\u00fcckhaltung bestand.<\/p>\n<p>Dies ver\u00e4nderte sich erst, als speziell zur Mitgliederwerbung eine Informationsreise ins Alte Land organisiert wurde. In der Folgezeit wurde aus der Junglandvolkgruppe Asendorf eine lose Gemeinschaft, ohne Beitrittserkl\u00e4rung und Mitgliederbeitrag, die sich jedoch regelm\u00e4\u00dfig traf und auch Infoveranstaltungen besuchte.<\/p>\n<p>Mitte der 50 &#8211; ziger Jahre setzte ein Wandel ein. Unterst\u00fctzt vom Volksbildungswerk und dem Landwirtschaftlichen Verein in Asendorf wurde die erste demokratische Vorstandswahl in der Asendorfer Junglandvolkgruppe, die sich jetzt Landjugend Asendorf nannte, durchgef\u00fchrt.<br \/>\nZeitungsartikel aus der Zeit belegen die stetig wachsende Aktivit\u00e4t der Gruppe. Aber auch in dieser Gruppe gab es im Laufe der Jahre und Jahrzehnte nat\u00fcrlich ein auf und ab bei den Aktivit\u00e4ten.<\/p>\n<p>Tanzen, Schie\u00dfen, Reiten, Grillen, Schwimmen, Orientierungsm\u00e4rsche, Orientierungsfahrten, Kochen, Quizabende und Ausfl\u00fcge standen auf dem Programm. Bis 1997 fanden auch die Bezirkstanzturniere statt. Letztmalig in dem Jahr, weil immer weniger Landjugendgruppen tanzten oder keine Turniere veranstalten wollten. In der Landjugend Asendorf spielte das Tanzen aber weiterhin eine gro\u00dfe Rolle, verschiedene Gruppen und Formationen hatten sich gebildet und wurden weiterhin gepflegt.<\/p>\n<p>Einen gro\u00dfen Einschnitt brachte das Jahr 2008: Die damalige Tanzgruppe \u201eLatein 1\u201c der Landjugend Asendorf wollte an Ligaturnieren des Tanzsportverbandes teilnehmen. Dazu war der Beitritt der Landjugend Asendorf zum Nieders\u00e4chsischen Tanzsportverband eine Voraussetzung. Nach Abw\u00e4gung aller Vor- und Nachteile fiel der Entschluss, eigens daf\u00fcr einen eigenen Verein zu gr\u00fcnden.<\/p>\n<p>Am 10. April 2008 war die Geburtsstunde der &#8222;Tanzsportgemeinschaft Landjugend Asendorf e. V.\u201c. Diese neue TSG mit anf\u00e4nglich 12 Mitgliedern wuchs im Laufe der ersten 10 Jahre auf mehr als 400 Mitglieder an. Nach einer Namens\u00e4nderung von &#8222;TSG Landjugend Asendorf e.V.&#8220; in &#8222;TSG Bruchhausen-Vilsen&#8220; im Jahre 2017 wird bis heute in der TSG ein professioneller Tanzbetrieb unter Anleitung bezahlter und zertifizierter Trainer geboten.<\/p>\n<p>Die Landjugend Asendorf, bis 2017 als nicht rechtsf\u00e4higer Verein und ab Gesch\u00e4ftsjahr 2018 als eingetragener rechtsf\u00e4higer Verein (Landjugend Asendorf e.V.), bietet weiterhin f\u00fcr rund 60 Aktive den Tanzsport als Hobby und &#8222;just for fun&#8220; an. Die gr\u00f6\u00dfte Gruppe bilden dabei die Discofox-T\u00e4nzer, die mittlerweile alle das Landjugendalter verlassen haben&nbsp; &#8211;&nbsp; eine Rock n Roll Gruppe besteht leider nicht mehr.<\/p>\n<p>Auch in Zukunft wird in der Landjugend Asendorf e.V. der Tanzsport angeboten, ohne daf\u00fcr bezahlte und lizenzierte \u00dcbungsleiter zu verpflichten.<\/p>\n<p>Die Landjugend Asendorf kann auf eine lange Tradition zur\u00fcckblicken. Irgendwann, darauf warten wir, werden sich wieder junge Interessierte finden, denen wir alle Erinnerungen und das Vereinsverm\u00f6gen in treue H\u00e4nde \u00fcbergeben k\u00f6nnen.<\/p>\n<p>Weitere Angaben zur Landjugend Asendorf e.V. auf den folgenden Seiten<\/p>\n<table border=\"0\" width=\"492\" cellspacing=\"2\" cellpadding=\"1\">\n<tbody>\n<tr>\n<td bgcolor=\"#8fbae0\">&nbsp;<\/td>\n<\/tr>\n<\/tbody>\n<\/table>\n<p>&nbsp;<\/p>\n<p><strong>Hier gehts zum<\/strong><\/p>\n<p><a href=\"https:\/\/www.laju-asendorf.de\/?page_id=1852\">Vorstand:<\/a><\/p>\n<p><a href=\"https:\/\/www.laju-asendorf.de\/?page_id=59\">Mitgliedschaft:<\/a><\/p>\n<p><a href=\"https:\/\/www.laju-asendorf.de\/?page_id=3682\">Satzung \/ Protokolle:<\/a><\/p>\n<p><a href=\"https:\/\/www.laju-asendorf.de\/?page_id=2856\">Chronik:<\/a><\/p>\n<p><a href=\"https:\/\/www.laju-asendorf.de\/?page_id=57\">Impressum \/ Datenschutz:<\/a><\/td>\n<\/tr>\n<\/tbody>\n<\/table>\n","protected":false},"excerpt":{"rendered":"<p>&#8212;&nbsp; Wer wir sind, wo wir herkommen und was wir wollen&nbsp; &#8212; &nbsp; Tanzen ist unsere Leidenschaft &#8211; Landjugend Asendorf e.V. Die Anf\u00e4nge der Landjugend Asendorf lassen sich in das Jahr 1949 datieren. Angeregt vom Nieders\u00e4chsischen Landvolk in Syke wurden in Asendorf bereits 1948 Ortsbeauftragte ernannt, die das Ziel verfolgten, Mitglieder f\u00fcr eine Landjugendgruppe (damals [&hellip;]<\/p>\n","protected":false},"author":1,"featured_media":0,"parent":0,"menu_order":1,"comment_status":"closed","ping_status":"open","template":"","meta":{"ngg_post_thumbnail":0,"footnotes":""},"class_list":["post-2","page","type-page","status-publish","hentry"],"_links":{"self":[{"href":"https:\/\/www.laju-asendorf.de\/index.php?rest_route=\/wp\/v2\/pages\/2","targetHints":{"allow":["GET"]}}],"collection":[{"href":"https:\/\/www.laju-asendorf.de\/index.php?rest_route=\/wp\/v2\/pages"}],"about":[{"href":"https:\/\/www.laju-asendorf.de\/index.php?rest_route=\/wp\/v2\/types\/page"}],"author":[{"embeddable":true,"href":"https:\/\/www.laju-asendorf.de\/index.php?rest_route=\/wp\/v2\/users\/1"}],"replies":[{"embeddable":true,"href":"https:\/\/www.laju-asendorf.de\/index.php?rest_route=%2Fwp%2Fv2%2Fcomments&post=2"}],"version-history":[{"count":28,"href":"https:\/\/www.laju-asendorf.de\/index.php?rest_route=\/wp\/v2\/pages\/2\/revisions"}],"predecessor-version":[{"id":4261,"href":"https:\/\/www.laju-asendorf.de\/index.php?rest_route=\/wp\/v2\/pages\/2\/revisions\/4261"}],"wp:attachment":[{"href":"https:\/\/www.laju-asendorf.de\/index.php?rest_route=%2Fwp%2Fv2%2Fmedia&parent=2"}],"curies":[{"name":"wp","href":"https:\/\/api.w.org\/{rel}","templated":true}]}}