{"id":2856,"date":"2016-11-29T12:03:03","date_gmt":"2016-11-29T12:03:03","guid":{"rendered":"http:\/\/www.laju-asendorf.de\/?page_id=2856"},"modified":"2018-10-23T16:39:06","modified_gmt":"2018-10-23T16:39:06","slug":"chronik-der-landjugend-asendorf","status":"publish","type":"page","link":"https:\/\/www.laju-asendorf.de\/?page_id=2856","title":{"rendered":"Chronik der Landjugend Asendorf e.V."},"content":{"rendered":"<p>Aus Anlass des 50-j\u00e4hrigen Jubil\u00e4ums der Landjugendgruppe Asendorf wurde eine Chronik erstellt, die <a href=\"https:\/\/www.laju-asendorf.de\/wp-content\/uploads\/2016\/11\/Chronik_50Jahre_38.pdf\">hier nachzulesen ist:<\/a><\/p>\n<h2 style=\"text-align: center;\"><u><b>Digitalisierung der noch vorhandenen Pokale der Landjugend Asendorf e.V.<\/b><\/u><\/h2>\n<p><a href=\"https:\/\/www.laju-asendorf.de\/wp-content\/uploads\/2018\/10\/Pokale_LdJ_Asendorf_web.pdf\">Auf den folgenden Seiten<\/a> sind die per Sept. 2018 noch vorhandenen Pokale abgebildet. Um sie f\u00fcr die Nachwelt zu erhalten, wurden sie digitalisiert und mit den vorhandenen Informationen erg\u00e4nzt.<\/p>\n<p><span style=\"color: #ff0000;\"><strong>Hinweis:<\/strong> <\/span>Wenn sich nach dem Klick auf &#8222;<a href=\"https:\/\/www.laju-asendorf.de\/wp-content\/uploads\/2018\/10\/Pokale_LdJ_Asendorf_web.pdf\">Auf den folgenden Seiten<\/a>&#8220; das PDF \u00f6ffnet, sollte die doppelseitige Betrachtung eingestellt werden. Dann steht auf dem Bildschirm links der Pokal und rechts daneben sind vorhanden Infos zu diesem Pokal aufgef\u00fchrt!<\/p>\n<p>Der Arbeitseinsatz zur Digitalisierung wurde geleistet von:<\/p>\n<p>Brigitte Rajes, Hildegard Rajes, Bj\u00f6rn Holthus und Fredi Rajes zus\u00e4tzlich stand uns Lutz Meyer zur Seite, der vorhandene Informationen beisteuerte.<\/p>\n<p>Dar\u00fcber hinaus m\u00f6chten wir dieses Werk \u00f6ffentlich machen. Jeder, der weitere Informationen zu den einzelnen Pokalen beisteuern kann, wird gebeten uns zu helfen.<\/p>\n<p>Diese Informationen nimmt entgegen:<\/p>\n<p>Vorsitzender Landjugend Asendorf e.V.:<\/p>\n<p>Fredi Rajes, Kornblumenweg 6, 27330 Asendorf &#8211; Telefon: Asendorf 643 &#8211; Mail: fredi.rajes(at)web.de<\/p>\n<p>Asendorf, im Okt. 2018<\/p>\n","protected":false},"excerpt":{"rendered":"<p>Aus Anlass des 50-j\u00e4hrigen Jubil\u00e4ums der Landjugendgruppe Asendorf wurde eine Chronik erstellt, die hier nachzulesen ist: Digitalisierung der noch vorhandenen Pokale der Landjugend Asendorf e.V. Auf den folgenden Seiten sind die per Sept. 2018 noch vorhandenen Pokale abgebildet. Um sie f\u00fcr die Nachwelt zu erhalten, wurden sie digitalisiert und mit den vorhandenen Informationen erg\u00e4nzt. Hinweis: [&hellip;]<\/p>\n","protected":false},"author":1,"featured_media":0,"parent":2,"menu_order":3,"comment_status":"closed","ping_status":"closed","template":"","meta":{"ngg_post_thumbnail":0,"footnotes":""},"class_list":["post-2856","page","type-page","status-publish","hentry"],"_links":{"self":[{"href":"https:\/\/www.laju-asendorf.de\/index.php?rest_route=\/wp\/v2\/pages\/2856","targetHints":{"allow":["GET"]}}],"collection":[{"href":"https:\/\/www.laju-asendorf.de\/index.php?rest_route=\/wp\/v2\/pages"}],"about":[{"href":"https:\/\/www.laju-asendorf.de\/index.php?rest_route=\/wp\/v2\/types\/page"}],"author":[{"embeddable":true,"href":"https:\/\/www.laju-asendorf.de\/index.php?rest_route=\/wp\/v2\/users\/1"}],"replies":[{"embeddable":true,"href":"https:\/\/www.laju-asendorf.de\/index.php?rest_route=%2Fwp%2Fv2%2Fcomments&post=2856"}],"version-history":[{"count":9,"href":"https:\/\/www.laju-asendorf.de\/index.php?rest_route=\/wp\/v2\/pages\/2856\/revisions"}],"predecessor-version":[{"id":3890,"href":"https:\/\/www.laju-asendorf.de\/index.php?rest_route=\/wp\/v2\/pages\/2856\/revisions\/3890"}],"up":[{"embeddable":true,"href":"https:\/\/www.laju-asendorf.de\/index.php?rest_route=\/wp\/v2\/pages\/2"}],"wp:attachment":[{"href":"https:\/\/www.laju-asendorf.de\/index.php?rest_route=%2Fwp%2Fv2%2Fmedia&parent=2856"}],"curies":[{"name":"wp","href":"https:\/\/api.w.org\/{rel}","templated":true}]}}